{"id":9928,"date":"2019-10-29T09:56:21","date_gmt":"2019-10-29T08:56:21","guid":{"rendered":"https:\/\/www.deschacht.eu\/?page_id=9928"},"modified":"2026-03-31T10:41:40","modified_gmt":"2026-03-31T09:41:40","slug":"filiale-tielt","status":"publish","type":"page","link":"https:\/\/www.deschacht.eu\/fr\/filiales\/filiale-tielt\/","title":{"rendered":"Filiale Tielt"},"content":{"rendered":"<div class=\"wpb-content-wrapper\">[vc_row type=&#8221;full-width-content&#8221; font_color=&#8221;#ffffff&#8221; parallax_background=&#8221;&#8221; el_class=&#8221;headercontactpage&#8221;][vc_column font_color=&#8221;#ffffff&#8221;][vc_single_image image=&#8221;9781&#8243; img_size=&#8221;1900&#215;350&#8243;][\/vc_column][\/vc_row][vc_row][vc_column][vc_empty_space height=&#8221;60px&#8221;][vc_column_text css=&#8221;.vc_custom_1572339313997{margin-bottom: 15px !important;}&#8221;]\n<h1 style=\"text-align: left;\"><span style=\"color: #082c5d;\">Filiale Tielt<\/span><\/h1>\n[\/vc_column_text]<style type=\"text\/css\" >#l_54q6k52at2e4jqlu4ggc{width:50px;}#l_54q6k52at2e4jqlu4ggc.sc_line ,#l_54q6k52at2e4jqlu4ggc .sc_line {border-top:3px solid #082c5d;}#l_54q6k52at2e4jqlu4ggc {margin:0px 0 0px 0; padding:0;}<\/style><div class=\"clearfix\"><\/div><div id=\"l_54q6k52at2e4jqlu4ggc\"  class=\"sc_line rd_line_bold\" ><\/div>[vc_empty_space height=&#8221;30px&#8221;][vc_column_text]Vous avez une question ou souhaitez plus d\u2019informations sur nos produits\/services ? Alors contactez-nous ![\/vc_column_text][vc_empty_space height=&#8221;20px&#8221;][vc_row_inner el_class=&#8221;opmaakfiliaal&#8221;][vc_column_inner width=&#8221;1\/2&#8243;]<style type=\"text\/css\" >#rand_g0195yyn98pn8e4p7eyn {margin-top:0px; margin-bottom:0px; }<\/style><style type='text\/css'> @font-face{font-family: 'ion'; src:url('https:\/\/www.deschacht.eu\/wp-content\/themes\/deschacht\/includes\/4k-icons\/icons\/4k-icons-pack03\/icons\/fonts\/ion.eot'); src:url('https:\/\/www.deschacht.eu\/wp-content\/themes\/deschacht\/includes\/4k-icons\/icons\/4k-icons-pack03\/icons\/fonts\/ion.eot?#iefix') format('embedded-opentype'), url('https:\/\/www.deschacht.eu\/wp-content\/themes\/deschacht\/includes\/4k-icons\/icons\/4k-icons-pack03\/icons\/fonts\/ion.woff') format('woff'), url('https:\/\/www.deschacht.eu\/wp-content\/themes\/deschacht\/includes\/4k-icons\/icons\/4k-icons-pack03\/icons\/fonts\/ion.ttf') format('truetype'), url('https:\/\/www.deschacht.eu\/wp-content\/themes\/deschacht\/includes\/4k-icons\/icons\/4k-icons-pack03\/icons\/fonts\/ion.svg#oi') format('svg'); font-weight: normal; font-style: normal;}#rand_g0195yyn98pn8e4p7eyn .ion-ios7-location-outline:before{font-family: 'ion'; font-weight: normal; font-style: normal;}#rand_g0195yyn98pn8e4p7eyn .ion-ios7-location-outline:before{content: \"\\e918\";}<\/style>\n<div id=\"rand_g0195yyn98pn8e4p7eyn\" class=\"icon_box_si \"><i class=\"ion-ios7-location-outline\" style=\"color:#b88c0d;\"><\/i><h3 style=\"color:#333333;\">Adresse<\/h3><p style=\"color:#333333\"><span class=\"wpsl-street\">Szamotulystraat 3<br \/>\n<\/span>8700 Tielt<\/p><\/div><style type=\"text\/css\" >#l_k8tkyko5z8h54faettq7{width:500px;}#l_k8tkyko5z8h54faettq7.sc_line ,#l_k8tkyko5z8h54faettq7 .sc_line { height:1px; background:#ededed;}#l_k8tkyko5z8h54faettq7 {margin:10px 0 10px 0; padding:0;}<\/style><div class=\"clearfix\"><\/div><div id=\"l_k8tkyko5z8h54faettq7\"  class=\"sc_line rd_line_normal\" ><\/div><style type=\"text\/css\" >#rand_s7prkra8zb289lohqwek {margin-top:0px; margin-bottom:0px; }<\/style><style type='text\/css'> @font-face{font-family: 'ion'; src:url('https:\/\/www.deschacht.eu\/wp-content\/themes\/deschacht\/includes\/4k-icons\/icons\/4k-icons-pack03\/icons\/fonts\/ion.eot'); src:url('https:\/\/www.deschacht.eu\/wp-content\/themes\/deschacht\/includes\/4k-icons\/icons\/4k-icons-pack03\/icons\/fonts\/ion.eot?#iefix') format('embedded-opentype'), url('https:\/\/www.deschacht.eu\/wp-content\/themes\/deschacht\/includes\/4k-icons\/icons\/4k-icons-pack03\/icons\/fonts\/ion.woff') format('woff'), url('https:\/\/www.deschacht.eu\/wp-content\/themes\/deschacht\/includes\/4k-icons\/icons\/4k-icons-pack03\/icons\/fonts\/ion.ttf') format('truetype'), url('https:\/\/www.deschacht.eu\/wp-content\/themes\/deschacht\/includes\/4k-icons\/icons\/4k-icons-pack03\/icons\/fonts\/ion.svg#oi') format('svg'); font-weight: normal; font-style: normal;}#rand_s7prkra8zb289lohqwek .ion-ios7-clock-outline:before{font-family: 'ion'; font-weight: normal; font-style: normal;}#rand_s7prkra8zb289lohqwek .ion-ios7-clock-outline:before{content: \"\\e8dd\";}<\/style>\n<div id=\"rand_s7prkra8zb289lohqwek\" class=\"icon_box_si \"><i class=\"ion-ios7-clock-outline\" style=\"color:#b88c0d;\"><\/i><h3 style=\"color:#333333;\">Heures d'ouverture<\/h3><p style=\"color:#333333\">Lundi \u00e0 vendredi : 8-12h et 13-17h<br \/>\nSamedi : ferm\u00e9<\/p><\/div><style type=\"text\/css\" >#l_7a3t3jqk76tqvj3b5z4f{width:500px;}#l_7a3t3jqk76tqvj3b5z4f.sc_line ,#l_7a3t3jqk76tqvj3b5z4f .sc_line { height:1px; background:#ededed;}#l_7a3t3jqk76tqvj3b5z4f {margin:10px 0 10px 0; padding:0;}<\/style><div class=\"clearfix\"><\/div><div id=\"l_7a3t3jqk76tqvj3b5z4f\"  class=\"sc_line rd_line_normal\" ><\/div><style type=\"text\/css\" >#rand_j6qxcc5mta42f7etvp56 {margin-top:0px; margin-bottom:0px; }<\/style><style type='text\/css'> @font-face{font-family: 'ion'; src:url('https:\/\/www.deschacht.eu\/wp-content\/themes\/deschacht\/includes\/4k-icons\/icons\/4k-icons-pack03\/icons\/fonts\/ion.eot'); src:url('https:\/\/www.deschacht.eu\/wp-content\/themes\/deschacht\/includes\/4k-icons\/icons\/4k-icons-pack03\/icons\/fonts\/ion.eot?#iefix') format('embedded-opentype'), url('https:\/\/www.deschacht.eu\/wp-content\/themes\/deschacht\/includes\/4k-icons\/icons\/4k-icons-pack03\/icons\/fonts\/ion.woff') format('woff'), url('https:\/\/www.deschacht.eu\/wp-content\/themes\/deschacht\/includes\/4k-icons\/icons\/4k-icons-pack03\/icons\/fonts\/ion.ttf') format('truetype'), url('https:\/\/www.deschacht.eu\/wp-content\/themes\/deschacht\/includes\/4k-icons\/icons\/4k-icons-pack03\/icons\/fonts\/ion.svg#oi') format('svg'); font-weight: normal; font-style: normal;}#rand_j6qxcc5mta42f7etvp56 .ion-ios7-clock-outline:before{font-family: 'ion'; font-weight: normal; font-style: normal;}#rand_j6qxcc5mta42f7etvp56 .ion-ios7-clock-outline:before{content: \"\\e8dd\";}<\/style>\n<div id=\"rand_j6qxcc5mta42f7etvp56\" class=\"icon_box_si \"><i class=\"ion-ios7-clock-outline\" style=\"color:#b88c0d;\"><\/i><h3 style=\"color:#333333;\">Fermeture exceptionnelle<\/h3><p style=\"color:#333333\">Pont de l&#8217;ascension : ferm\u00e9 les jeudi 14 et vendredi 15 mai 2026<\/p><\/div><style type=\"text\/css\" >#l_l4uwc99qbeazxcru9aas{width:500px;}#l_l4uwc99qbeazxcru9aas.sc_line ,#l_l4uwc99qbeazxcru9aas .sc_line { height:1px; background:#ededed;}#l_l4uwc99qbeazxcru9aas {margin:10px 0 10px 0; padding:0;}<\/style><div class=\"clearfix\"><\/div><div id=\"l_l4uwc99qbeazxcru9aas\"  class=\"sc_line rd_line_normal\" ><\/div><style type=\"text\/css\" >#rand_b1flxx13r1k1r1neeyoj {margin-top:0px; margin-bottom:0px; }<\/style><style type='text\/css'> @font-face{font-family: 'ion'; src:url('https:\/\/www.deschacht.eu\/wp-content\/themes\/deschacht\/includes\/4k-icons\/icons\/4k-icons-pack03\/icons\/fonts\/ion.eot'); src:url('https:\/\/www.deschacht.eu\/wp-content\/themes\/deschacht\/includes\/4k-icons\/icons\/4k-icons-pack03\/icons\/fonts\/ion.eot?#iefix') format('embedded-opentype'), url('https:\/\/www.deschacht.eu\/wp-content\/themes\/deschacht\/includes\/4k-icons\/icons\/4k-icons-pack03\/icons\/fonts\/ion.woff') format('woff'), url('https:\/\/www.deschacht.eu\/wp-content\/themes\/deschacht\/includes\/4k-icons\/icons\/4k-icons-pack03\/icons\/fonts\/ion.ttf') format('truetype'), url('https:\/\/www.deschacht.eu\/wp-content\/themes\/deschacht\/includes\/4k-icons\/icons\/4k-icons-pack03\/icons\/fonts\/ion.svg#oi') format('svg'); font-weight: normal; font-style: normal;}#rand_b1flxx13r1k1r1neeyoj .ion-ios7-telephone-outline:before{font-family: 'ion'; font-weight: normal; font-style: normal;}#rand_b1flxx13r1k1r1neeyoj .ion-ios7-telephone-outline:before{content: \"\\e962\";}<\/style>\n<div id=\"rand_b1flxx13r1k1r1neeyoj\" class=\"icon_box_si \"><i class=\"ion-ios7-telephone-outline\" style=\"color:#b88c0d;\"><\/i><h3 style=\"color:#333333;\">T\u00e9l\u00e9phone<\/h3><p style=\"color:#333333\"><a href=\"tel:+3251689377\">+32(0)51 68 93 77<\/a><\/p><\/div><style type=\"text\/css\" >#l_fb6ppk03ds8q36ypnf7l{width:500px;}#l_fb6ppk03ds8q36ypnf7l.sc_line ,#l_fb6ppk03ds8q36ypnf7l .sc_line { height:1px; background:#ededed;}#l_fb6ppk03ds8q36ypnf7l {margin:10px 0 10px 0; padding:0;}<\/style><div class=\"clearfix\"><\/div><div id=\"l_fb6ppk03ds8q36ypnf7l\"  class=\"sc_line rd_line_normal\" ><\/div><style type=\"text\/css\" >#rand_g6zmtzt5dstwb9gijr1p {margin-top:0px; margin-bottom:0px; }<\/style><style type='text\/css'> @font-face{font-family: 'ion'; src:url('https:\/\/www.deschacht.eu\/wp-content\/themes\/deschacht\/includes\/4k-icons\/icons\/4k-icons-pack03\/icons\/fonts\/ion.eot'); src:url('https:\/\/www.deschacht.eu\/wp-content\/themes\/deschacht\/includes\/4k-icons\/icons\/4k-icons-pack03\/icons\/fonts\/ion.eot?#iefix') format('embedded-opentype'), url('https:\/\/www.deschacht.eu\/wp-content\/themes\/deschacht\/includes\/4k-icons\/icons\/4k-icons-pack03\/icons\/fonts\/ion.woff') format('woff'), url('https:\/\/www.deschacht.eu\/wp-content\/themes\/deschacht\/includes\/4k-icons\/icons\/4k-icons-pack03\/icons\/fonts\/ion.ttf') format('truetype'), url('https:\/\/www.deschacht.eu\/wp-content\/themes\/deschacht\/includes\/4k-icons\/icons\/4k-icons-pack03\/icons\/fonts\/ion.svg#oi') format('svg'); font-weight: normal; font-style: normal;}#rand_g6zmtzt5dstwb9gijr1p .ion-ios7-email-outline:before{font-family: 'ion'; font-weight: normal; font-style: normal;}#rand_g6zmtzt5dstwb9gijr1p .ion-ios7-email-outline:before{content: \"\\e8f7\";}<\/style>\n<div id=\"rand_g6zmtzt5dstwb9gijr1p\" class=\"icon_box_si \"><i class=\"ion-ios7-email-outline\" style=\"color:#b88c0d;\"><\/i><h3 style=\"color:#333333;\">Email<\/h3><p style=\"color:#333333\"><a href=\"mailto:tielt@deschacht.eu\">tielt@deschacht.eu<\/a><\/p><\/div>[vc_empty_space height=&#8221;40px&#8221;][\/vc_column_inner][vc_column_inner width=&#8221;1\/2&#8243; css=&#8221;.vc_custom_1571660559335{padding-top: 40px !important;padding-right: 40px !important;padding-bottom: 40px !important;padding-left: 40px !important;background-color: #eeeeee !important;}&#8221;][vc_raw_html]JTNDc2NyaXB0JTIwY2hhcnNldCUzRCUyMnV0Zi04JTIyJTIwdHlwZSUzRCUyMnRleHQlMkZqYXZhc2NyaXB0JTIyJTIwc3JjJTNEJTIyJTJGJTJGanMuaHNmb3Jtcy5uZXQlMkZmb3JtcyUyRmVtYmVkJTJGdjIuanMlMjIlM0UlM0MlMkZzY3JpcHQlM0UlMEElM0NzY3JpcHQlM0UlMEElMjAlMjBoYnNwdC5mb3Jtcy5jcmVhdGUlMjglN0IlMEElMjAlMjAlMjAlMjByZWdpb24lM0ElMjAlMjJuYTElMjIlMkMlMEElMjAlMjAlMjAlMjBwb3J0YWxJZCUzQSUyMCUyMjQ4NjE1ODklMjIlMkMlMEElMjAlMjAlMjAlMjBmb3JtSWQlM0ElMjAlMjIwYjE4MzMxOC1mNDJkLTRhZTAtODM1YS02YTQ0Y2M3YmIyMTUlMjIlMkMlMEElMjAlMjAlMjAlMjBvbkZvcm1SZWFkeSUzQSUyMGZ1bmN0aW9uJTI4JTI0Zm9ybSUyOSUyMCU3QiUyMGh1YnNwb3RGb3JtUmVhZHklMjglMjRmb3JtJTI5JTNCJTIwJTdEJTJDJTBBJTIwJTIwJTIwJTIwb25Gb3JtU3VibWl0dGVkJTNBJTIwZnVuY3Rpb24lMjglMjRmb3JtJTJDJTIwZGF0YSUyOSUyMCU3QiUyMGh1YnNwb3RGb3JtU3VibWl0dGVkJTI4JTI0Zm9ybSUyQyUyMGRhdGElMjklM0IlMjAlN0QlMEElMjAlMjAlN0QlMjklM0IlMEElM0MlMkZzY3JpcHQlM0U=[\/vc_raw_html][\/vc_column_inner][\/vc_row_inner][\/vc_column][\/vc_row]\n<\/div>","protected":false},"excerpt":{"rendered":"<p>[vc_row type=&#8221;full-width-content&#8221; font_color=&#8221;#ffffff&#8221; parallax_background=&#8221;&#8221; el_class=&#8221;headercontactpage&#8221;][vc_column font_color=&#8221;#ffffff&#8221;][vc_single_image image=&#8221;9781&#8243; img_size=&#8221;1900&#215;350&#8243;][\/vc_column][\/vc_row][vc_row][vc_column][vc_empty_space height=&#8221;60px&#8221;][vc_column_text css=&#8221;.vc_custom_1572339313997{margin-bottom: 15px !important;}&#8221;] Filiale Tielt [\/vc_column_text][vc_empty_space height=&#8221;30px&#8221;][vc_column_text]Vous avez une question ou souhaitez plus d\u2019informations sur nos produits\/services ? Alors contactez-nous ![\/vc_column_text][vc_empty_space height=&#8221;20px&#8221;][vc_row_inner el_class=&#8221;opmaakfiliaal&#8221;][vc_column_inner width=&#8221;1\/2&#8243;] AdresseSzamotulystraat 3 8700 Tielt Heures d&#8217;ouvertureLundi \u00e0 vendredi : 8-12h et 13-17h Samedi : ferm\u00e9 Fermeture exceptionnellePont de l&#8217;ascension : ferm\u00e9 les<br \/><a href=\"https:\/\/www.deschacht.eu\/fr\/filiales\/filiale-tielt\/\" class=\"more\">Read more<\/a><\/p>\n","protected":false},"author":2,"featured_media":0,"parent":1295,"menu_order":0,"comment_status":"closed","ping_status":"closed","template":"","meta":{"_acf_changed":false,"footnotes":""},"class_list":["post-9928","page","type-page","status-publish","hentry"],"acf":[],"yoast_head":"<!-- This site is optimized with the Yoast SEO plugin v27.3 - https:\/\/yoast.com\/product\/yoast-seo-wordpress\/ -->\n<title>Filiale Tielt - Deschacht | Mat\u00e9riaux de construction<\/title>\n<meta name=\"description\" content=\"Vous avez une question ou souhaitez plus d\u2019informations sur nos produits\/services ? Alors contactez notre filiale de Tielt !\" \/>\n<meta name=\"robots\" content=\"index, follow, max-snippet:-1, max-image-preview:large, max-video-preview:-1\" \/>\n<link rel=\"canonical\" href=\"https:\/\/www.deschacht.eu\/fr\/filiales\/filiale-tielt\/\" \/>\n<meta property=\"og:locale\" content=\"fr_FR\" \/>\n<meta property=\"og:type\" content=\"article\" \/>\n<meta property=\"og:title\" content=\"Filiale Tielt - Deschacht | Mat\u00e9riaux de construction\" \/>\n<meta property=\"og:description\" content=\"Vous avez une question ou souhaitez plus d\u2019informations sur nos produits\/services ? Alors contactez notre filiale de Tielt !\" \/>\n<meta property=\"og:url\" content=\"https:\/\/www.deschacht.eu\/fr\/filiales\/filiale-tielt\/\" \/>\n<meta property=\"og:site_name\" content=\"Deschacht\" \/>\n<meta property=\"article:publisher\" content=\"https:\/\/www.facebook.com\/DeschachtNV\" \/>\n<meta property=\"article:modified_time\" content=\"2026-03-31T09:41:40+00:00\" \/>\n<meta name=\"twitter:card\" content=\"summary_large_image\" \/>\n<meta name=\"twitter:label1\" content=\"Dur\u00e9e de lecture est.\" \/>\n\t<meta name=\"twitter:data1\" content=\"1 minute\" \/>\n<script type=\"application\/ld+json\" class=\"yoast-schema-graph\">{\"@context\":\"https:\\\/\\\/schema.org\",\"@graph\":[{\"@type\":\"WebPage\",\"@id\":\"https:\\\/\\\/www.deschacht.eu\\\/fr\\\/filiales\\\/filiale-tielt\\\/\",\"url\":\"https:\\\/\\\/www.deschacht.eu\\\/fr\\\/filiales\\\/filiale-tielt\\\/\",\"name\":\"Filiale Tielt - Deschacht | Mat\u00e9riaux de construction\",\"isPartOf\":{\"@id\":\"https:\\\/\\\/www.deschacht.eu\\\/#website\"},\"datePublished\":\"2019-10-29T08:56:21+00:00\",\"dateModified\":\"2026-03-31T09:41:40+00:00\",\"description\":\"Vous avez une question ou souhaitez plus d\u2019informations sur nos produits\\\/services ? Alors contactez notre filiale de Tielt !\",\"breadcrumb\":{\"@id\":\"https:\\\/\\\/www.deschacht.eu\\\/fr\\\/filiales\\\/filiale-tielt\\\/#breadcrumb\"},\"inLanguage\":\"fr-BE\",\"potentialAction\":[{\"@type\":\"ReadAction\",\"target\":[\"https:\\\/\\\/www.deschacht.eu\\\/fr\\\/filiales\\\/filiale-tielt\\\/\"]}]},{\"@type\":\"BreadcrumbList\",\"@id\":\"https:\\\/\\\/www.deschacht.eu\\\/fr\\\/filiales\\\/filiale-tielt\\\/#breadcrumb\",\"itemListElement\":[{\"@type\":\"ListItem\",\"position\":1,\"name\":\"Home\",\"item\":\"https:\\\/\\\/www.deschacht.eu\\\/fr\\\/\"},{\"@type\":\"ListItem\",\"position\":2,\"name\":\"Filiales\",\"item\":\"https:\\\/\\\/www.deschacht.eu\\\/fr\\\/filiales\\\/\"},{\"@type\":\"ListItem\",\"position\":3,\"name\":\"Filiale Tielt\"}]},{\"@type\":\"WebSite\",\"@id\":\"https:\\\/\\\/www.deschacht.eu\\\/#website\",\"url\":\"https:\\\/\\\/www.deschacht.eu\\\/\",\"name\":\"Deschacht\",\"description\":\"\",\"publisher\":{\"@id\":\"https:\\\/\\\/www.deschacht.eu\\\/#organization\"},\"potentialAction\":[{\"@type\":\"SearchAction\",\"target\":{\"@type\":\"EntryPoint\",\"urlTemplate\":\"https:\\\/\\\/www.deschacht.eu\\\/?s={search_term_string}\"},\"query-input\":{\"@type\":\"PropertyValueSpecification\",\"valueRequired\":true,\"valueName\":\"search_term_string\"}}],\"inLanguage\":\"fr-BE\"},{\"@type\":\"Organization\",\"@id\":\"https:\\\/\\\/www.deschacht.eu\\\/#organization\",\"name\":\"Deschacht Bouwmaterialen\",\"url\":\"https:\\\/\\\/www.deschacht.eu\\\/\",\"logo\":{\"@type\":\"ImageObject\",\"inLanguage\":\"fr-BE\",\"@id\":\"https:\\\/\\\/www.deschacht.eu\\\/#\\\/schema\\\/logo\\\/image\\\/\",\"url\":\"https:\\\/\\\/www.deschacht.eu\\\/wp-content\\\/uploads\\\/2018\\\/02\\\/logo.png\",\"contentUrl\":\"https:\\\/\\\/www.deschacht.eu\\\/wp-content\\\/uploads\\\/2018\\\/02\\\/logo.png\",\"width\":213,\"height\":70,\"caption\":\"Deschacht Bouwmaterialen\"},\"image\":{\"@id\":\"https:\\\/\\\/www.deschacht.eu\\\/#\\\/schema\\\/logo\\\/image\\\/\"},\"sameAs\":[\"https:\\\/\\\/www.facebook.com\\\/DeschachtNV\",\"https:\\\/\\\/www.linkedin.com\\\/company\\\/deschacht?trk=company_logo\",\"https:\\\/\\\/www.youtube.com\\\/channel\\\/UCFOBZMamZdwH5-BtyaQIPoQ\",\"https:\\\/\\\/www.instagram.com\\\/deschacht.eu\"]}]}<\/script>\n<!-- \/ Yoast SEO plugin. -->","yoast_head_json":{"title":"Filiale Tielt - Deschacht | Mat\u00e9riaux de construction","description":"Vous avez une question ou souhaitez plus d\u2019informations sur nos produits\/services ? Alors contactez notre filiale de Tielt !","robots":{"index":"index","follow":"follow","max-snippet":"max-snippet:-1","max-image-preview":"max-image-preview:large","max-video-preview":"max-video-preview:-1"},"canonical":"https:\/\/www.deschacht.eu\/fr\/filiales\/filiale-tielt\/","og_locale":"fr_FR","og_type":"article","og_title":"Filiale Tielt - Deschacht | Mat\u00e9riaux de construction","og_description":"Vous avez une question ou souhaitez plus d\u2019informations sur nos produits\/services ? Alors contactez notre filiale de Tielt !","og_url":"https:\/\/www.deschacht.eu\/fr\/filiales\/filiale-tielt\/","og_site_name":"Deschacht","article_publisher":"https:\/\/www.facebook.com\/DeschachtNV","article_modified_time":"2026-03-31T09:41:40+00:00","twitter_card":"summary_large_image","twitter_misc":{"Dur\u00e9e de lecture est.":"1 minute"},"schema":{"@context":"https:\/\/schema.org","@graph":[{"@type":"WebPage","@id":"https:\/\/www.deschacht.eu\/fr\/filiales\/filiale-tielt\/","url":"https:\/\/www.deschacht.eu\/fr\/filiales\/filiale-tielt\/","name":"Filiale Tielt - Deschacht | Mat\u00e9riaux de construction","isPartOf":{"@id":"https:\/\/www.deschacht.eu\/#website"},"datePublished":"2019-10-29T08:56:21+00:00","dateModified":"2026-03-31T09:41:40+00:00","description":"Vous avez une question ou souhaitez plus d\u2019informations sur nos produits\/services ? Alors contactez notre filiale de Tielt !","breadcrumb":{"@id":"https:\/\/www.deschacht.eu\/fr\/filiales\/filiale-tielt\/#breadcrumb"},"inLanguage":"fr-BE","potentialAction":[{"@type":"ReadAction","target":["https:\/\/www.deschacht.eu\/fr\/filiales\/filiale-tielt\/"]}]},{"@type":"BreadcrumbList","@id":"https:\/\/www.deschacht.eu\/fr\/filiales\/filiale-tielt\/#breadcrumb","itemListElement":[{"@type":"ListItem","position":1,"name":"Home","item":"https:\/\/www.deschacht.eu\/fr\/"},{"@type":"ListItem","position":2,"name":"Filiales","item":"https:\/\/www.deschacht.eu\/fr\/filiales\/"},{"@type":"ListItem","position":3,"name":"Filiale Tielt"}]},{"@type":"WebSite","@id":"https:\/\/www.deschacht.eu\/#website","url":"https:\/\/www.deschacht.eu\/","name":"Deschacht","description":"","publisher":{"@id":"https:\/\/www.deschacht.eu\/#organization"},"potentialAction":[{"@type":"SearchAction","target":{"@type":"EntryPoint","urlTemplate":"https:\/\/www.deschacht.eu\/?s={search_term_string}"},"query-input":{"@type":"PropertyValueSpecification","valueRequired":true,"valueName":"search_term_string"}}],"inLanguage":"fr-BE"},{"@type":"Organization","@id":"https:\/\/www.deschacht.eu\/#organization","name":"Deschacht Bouwmaterialen","url":"https:\/\/www.deschacht.eu\/","logo":{"@type":"ImageObject","inLanguage":"fr-BE","@id":"https:\/\/www.deschacht.eu\/#\/schema\/logo\/image\/","url":"https:\/\/www.deschacht.eu\/wp-content\/uploads\/2018\/02\/logo.png","contentUrl":"https:\/\/www.deschacht.eu\/wp-content\/uploads\/2018\/02\/logo.png","width":213,"height":70,"caption":"Deschacht Bouwmaterialen"},"image":{"@id":"https:\/\/www.deschacht.eu\/#\/schema\/logo\/image\/"},"sameAs":["https:\/\/www.facebook.com\/DeschachtNV","https:\/\/www.linkedin.com\/company\/deschacht?trk=company_logo","https:\/\/www.youtube.com\/channel\/UCFOBZMamZdwH5-BtyaQIPoQ","https:\/\/www.instagram.com\/deschacht.eu"]}]}},"_links":{"self":[{"href":"https:\/\/www.deschacht.eu\/fr\/wp-json\/wp\/v2\/pages\/9928","targetHints":{"allow":["GET"]}}],"collection":[{"href":"https:\/\/www.deschacht.eu\/fr\/wp-json\/wp\/v2\/pages"}],"about":[{"href":"https:\/\/www.deschacht.eu\/fr\/wp-json\/wp\/v2\/types\/page"}],"author":[{"embeddable":true,"href":"https:\/\/www.deschacht.eu\/fr\/wp-json\/wp\/v2\/users\/2"}],"replies":[{"embeddable":true,"href":"https:\/\/www.deschacht.eu\/fr\/wp-json\/wp\/v2\/comments?post=9928"}],"version-history":[{"count":28,"href":"https:\/\/www.deschacht.eu\/fr\/wp-json\/wp\/v2\/pages\/9928\/revisions"}],"predecessor-version":[{"id":51372,"href":"https:\/\/www.deschacht.eu\/fr\/wp-json\/wp\/v2\/pages\/9928\/revisions\/51372"}],"up":[{"embeddable":true,"href":"https:\/\/www.deschacht.eu\/fr\/wp-json\/wp\/v2\/pages\/1295"}],"wp:attachment":[{"href":"https:\/\/www.deschacht.eu\/fr\/wp-json\/wp\/v2\/media?parent=9928"}],"curies":[{"name":"wp","href":"https:\/\/api.w.org\/{rel}","templated":true}]}}