{"id":31679,"date":"2023-02-16T09:43:10","date_gmt":"2023-02-16T08:43:10","guid":{"rendered":"https:\/\/www.deschacht.eu\/?page_id=31679"},"modified":"2025-01-27T14:32:12","modified_gmt":"2025-01-27T13:32:12","slug":"contact-engineering","status":"publish","type":"page","link":"https:\/\/www.deschacht.eu\/fr\/contact-engineering\/","title":{"rendered":"Contact Engineering"},"content":{"rendered":"<div class=\"wpb-content-wrapper\">[vc_row type=&#8221;full-width-section&#8221; css=&#8221;.vc_custom_1675672440810{background-image: url(https:\/\/www.deschacht.eu\/wp-content\/uploads\/2022\/01\/over-deschacht.jpg?id=25667) !important;background-position: center !important;background-repeat: no-repeat !important;background-size: cover !important;}&#8221;][vc_column][vc_empty_space height=&#8221;100px&#8221;][vc_column_text el_id=&#8221;missie-over-deschacht&#8221;]\n<div class=\"wpb_text_column wpb_content_element ct_3o6sepfez1eenw4jtpyn\">\n<div id=\"missie-over-deschacht\" class=\"wpb_wrapper\">\n<div class=\"wpb_text_column wpb_content_element ct_pszjs66cdpzrfjw5yegp\">\n<div id=\"missie-over-deschacht\" class=\"wpb_wrapper\">\n<div class=\"wpb_text_column wpb_content_element ct_kyf42bq320jxiz5jxgqv\">\n<div id=\"missie-over-deschacht\" class=\"wpb_wrapper\">\n<h3><strong>Contact pour les architectes et les bureaux d&#8217;\u00e9tudes<\/strong><\/h3>\n<\/div>\n<\/div>\n<\/div>\n<\/div>\n<\/div>\n<\/div>\n[\/vc_column_text][vc_column_text css=&#8221;.vc_custom_1677505676509{margin-bottom: 15px !important;}&#8221;]\n<h2><strong><span style=\"color: white;\">Un conseil de notre service d&#8217;\u00e9tude ou l&#8217;optimisation de vos plans par notre d\u00e9partement d&#8217;ing\u00e9nierie ? C&#8217;est possible !<\/span><\/strong><\/h2>\n[\/vc_column_text][vc_empty_space height=&#8221;10px&#8221;][\/vc_column][vc_column][vc_empty_space height=&#8221;75px&#8221;][\/vc_column][\/vc_row][vc_row content_placement=&#8221;top&#8221; css=&#8221;.vc_custom_1675673609408{padding-top: 75px !important;}&#8221;][vc_column width=&#8221;1\/2&#8243; css=&#8221;.vc_custom_1675765500233{border-top-width: 0px !important;border-right-width: 0px !important;border-bottom-width: 0px !important;border-left-width: 0px !important;padding-top: 0px !important;padding-right: 0px !important;padding-bottom: 0px !important;padding-left: 0px !important;border-left-color: #efefef !important;border-left-style: solid !important;border-right-color: #efefef !important;border-right-style: solid !important;border-top-color: #efefef !important;border-top-style: solid !important;border-bottom-color: #efefef !important;border-bottom-style: solid !important;}&#8221;][vc_row_inner][vc_column_inner css=&#8221;.vc_custom_1675765509166{border-top-width: 1px !important;border-right-width: 1px !important;border-bottom-width: 1px !important;border-left-width: 1px !important;padding-top: 35px !important;padding-right: 35px !important;padding-bottom: 35px !important;padding-left: 35px !important;border-left-color: #efefef !important;border-left-style: solid !important;border-right-color: #efefef !important;border-right-style: solid !important;border-top-color: #efefef !important;border-top-style: solid !important;border-bottom-color: #efefef !important;border-bottom-style: solid !important;}&#8221;][vc_column_text css=&#8221;&#8221;]\n<h3 style=\"text-align: left;\"><span style=\"color: #082c5d;\">Votre contact:<\/span><\/h3>\n[\/vc_column_text][vc_column_text css=&#8221;&#8221;]\n<h4>Dimitri Steilen<\/h4>\n<p><span style=\"color: #082c5d;\"><a style=\"color: #082c5d;\" href=\"tel:+32496243719\">+32 (0)496 24 37 19<\/a><\/span><br \/>\n<span style=\"color: #082c5d;\"><a style=\"color: #082c5d;\" href=\"mailto:dimitri.steilen@deschacht.eu\">dimitri.steilen@deschacht.eu<\/a><\/span>[\/vc_column_text][\/vc_column_inner][\/vc_row_inner][vc_row_inner][vc_column_inner css=&#8221;.vc_custom_1675765523266{margin-top: 35px !important;}&#8221;]<style type=\"text\/css\" >#b_vt5yc9npixnifkbq3jq4 a{color:#082c5d; background:#ffcc00; margin-top:0px; margin-bottom:0px;  margin-left:0px; margin-right:0px; font-weight:900; border-radius:10px;}#b_vt5yc9npixnifkbq3jq4 a:hover{color:#ffcc00 ; background:#082c5d ;}<\/style><div class=\"ta_center tf_btn_pos\" id=\"b_vt5yc9npixnifkbq3jq4\" ><a class=\"rd_normal_bt mediumlarge_rd_bt bt_icon_left   \" href=\"https:\/\/www.deschacht.eu\/fr\/contact-professionnel\/\" target=\"\"   ><i class=\"ion-android-contacts\" ><\/i><span>Page contact professionnel<\/span><\/a><\/div><style type=\"text\/css\" >#b_vt5yc9npixnifkbq3jq4 i {color:#082c5d;}#b_vt5yc9npixnifkbq3jq4 a:hover i{color:#ffcc00;}<\/style><style type='text\/css'> @font-face{font-family: 'ion'; src:url('https:\/\/www.deschacht.eu\/wp-content\/themes\/deschacht\/includes\/4k-icons\/icons\/4k-icons-pack03\/icons\/fonts\/ion.eot'); src:url('https:\/\/www.deschacht.eu\/wp-content\/themes\/deschacht\/includes\/4k-icons\/icons\/4k-icons-pack03\/icons\/fonts\/ion.eot?#iefix') format('embedded-opentype'), url('https:\/\/www.deschacht.eu\/wp-content\/themes\/deschacht\/includes\/4k-icons\/icons\/4k-icons-pack03\/icons\/fonts\/ion.woff') format('woff'), url('https:\/\/www.deschacht.eu\/wp-content\/themes\/deschacht\/includes\/4k-icons\/icons\/4k-icons-pack03\/icons\/fonts\/ion.ttf') format('truetype'), url('https:\/\/www.deschacht.eu\/wp-content\/themes\/deschacht\/includes\/4k-icons\/icons\/4k-icons-pack03\/icons\/fonts\/ion.svg#oi') format('svg'); font-weight: normal; font-style: normal;}#b_vt5yc9npixnifkbq3jq4 .ion-android-contacts:before{font-family: 'ion'; font-weight: normal; font-style: normal;}#b_vt5yc9npixnifkbq3jq4 .ion-android-contacts:before{content: \"\\e815\";}<\/style>\n[\/vc_column_inner][\/vc_row_inner][\/vc_column][vc_column width=&#8221;1\/2&#8243; css=&#8221;.vc_custom_1675673687087{padding-top: 35px !important;padding-right: 35px !important;padding-bottom: 35px !important;padding-left: 35px !important;background-color: #efefef !important;}&#8221;][vc_column_text]\n<div class=\"wpb_text_column wpb_content_element vc_custom_1647502721732 ct_kdhpmlryc9osvpy6ds4m\">\n<div class=\"wpb_wrapper\">\n<h3>Vous avez une question sp\u00e9cifique ?<\/h3>\n<\/div>\n<\/div>\n[\/vc_column_text][vc_column_text]\n<div class=\"wpb_text_column wpb_content_element vc_custom_1647502727815 ct_xpnmis7coffxudyjwmhm\">\n<div class=\"wpb_wrapper\">\n<p>Contactez-nous via le formulaire ci-dessous.<\/p>\n<\/div>\n<\/div>\n[\/vc_column_text][vc_raw_js]JTNDc2NyaXB0JTIwY2hhcnNldCUzRCUyMnV0Zi04JTIyJTIwdHlwZSUzRCUyMnRleHQlMkZqYXZhc2NyaXB0JTIyJTIwc3JjJTNEJTIyJTJGJTJGanMuaHNmb3Jtcy5uZXQlMkZmb3JtcyUyRmVtYmVkJTJGdjIuanMlMjIlM0UlM0MlMkZzY3JpcHQlM0UlMEElM0NzY3JpcHQlM0UlMEElMjAlMjBoYnNwdC5mb3Jtcy5jcmVhdGUlMjglN0IlMEElMjAlMjAlMjAlMjByZWdpb24lM0ElMjAlMjJuYTElMjIlMkMlMEElMjAlMjAlMjAlMjBwb3J0YWxJZCUzQSUyMCUyMjQ4NjE1ODklMjIlMkMlMEElMjAlMjAlMjAlMjBmb3JtSWQlM0ElMjAlMjJlN2VmMTYyMi03MTkxLTRmMTQtYWY0Yi1jOTIxZTI3MmM4ZDUlMjIlMEElMjAlMjAlN0QlMjklM0IlMEElM0MlMkZzY3JpcHQlM0U=[\/vc_raw_js][\/vc_column][\/vc_row]\n<\/div>","protected":false},"excerpt":{"rendered":"<p>[vc_row type=&#8221;full-width-section&#8221; css=&#8221;.vc_custom_1675672440810{background-image: url(https:\/\/www.deschacht.eu\/wp-content\/uploads\/2022\/01\/over-deschacht.jpg?id=25667) !important;background-position: center !important;background-repeat: no-repeat !important;background-size: cover !important;}&#8221;][vc_column][vc_empty_space height=&#8221;100px&#8221;][vc_column_text el_id=&#8221;missie-over-deschacht&#8221;] Contact pour les architectes et les bureaux d&#8217;\u00e9tudes [\/vc_column_text][vc_column_text css=&#8221;.vc_custom_1677505676509{margin-bottom: 15px !important;}&#8221;] Un conseil de notre service d&#8217;\u00e9tude ou l&#8217;optimisation de vos plans par notre d\u00e9partement d&#8217;ing\u00e9nierie ? C&#8217;est possible ! [\/vc_column_text][vc_empty_space height=&#8221;10px&#8221;][\/vc_column][vc_column][vc_empty_space height=&#8221;75px&#8221;][\/vc_column][\/vc_row][vc_row content_placement=&#8221;top&#8221; css=&#8221;.vc_custom_1675673609408{padding-top: 75px !important;}&#8221;][vc_column width=&#8221;1\/2&#8243; css=&#8221;.vc_custom_1675765500233{border-top-width: 0px !important;border-right-width:<br \/><a href=\"https:\/\/www.deschacht.eu\/fr\/contact-engineering\/\" class=\"more\">Read more<\/a><\/p>\n","protected":false},"author":33,"featured_media":0,"parent":0,"menu_order":43,"comment_status":"closed","ping_status":"closed","template":"","meta":{"_acf_changed":false,"footnotes":""},"class_list":["post-31679","page","type-page","status-publish","hentry"],"acf":[],"yoast_head":"<!-- This site is optimized with the Yoast SEO plugin v27.3 - https:\/\/yoast.com\/product\/yoast-seo-wordpress\/ -->\n<title>Contact Engineering | Deschacht<\/title>\n<meta name=\"description\" content=\"Un conseil de notre service d\u2019\u00e9tude ou l\u2019optimisation de vos plans par notre d\u00e9partement d\u2019ing\u00e9nierie ? C\u2019est possible !\" \/>\n<meta name=\"robots\" content=\"index, follow, max-snippet:-1, max-image-preview:large, max-video-preview:-1\" \/>\n<link rel=\"canonical\" href=\"https:\/\/www.deschacht.eu\/fr\/contact-engineering\/\" \/>\n<meta property=\"og:locale\" content=\"fr_FR\" \/>\n<meta property=\"og:type\" content=\"article\" \/>\n<meta property=\"og:title\" content=\"Contact Engineering | Deschacht\" \/>\n<meta property=\"og:description\" content=\"Un conseil de notre service d\u2019\u00e9tude ou l\u2019optimisation de vos plans par notre d\u00e9partement d\u2019ing\u00e9nierie ? C\u2019est possible !\" \/>\n<meta property=\"og:url\" content=\"https:\/\/www.deschacht.eu\/fr\/contact-engineering\/\" \/>\n<meta property=\"og:site_name\" content=\"Deschacht\" \/>\n<meta property=\"article:publisher\" content=\"https:\/\/www.facebook.com\/DeschachtNV\" \/>\n<meta property=\"article:modified_time\" content=\"2025-01-27T13:32:12+00:00\" \/>\n<meta name=\"twitter:card\" content=\"summary_large_image\" \/>\n<meta name=\"twitter:label1\" content=\"Dur\u00e9e de lecture est.\" \/>\n\t<meta name=\"twitter:data1\" content=\"1 minute\" \/>\n<script type=\"application\/ld+json\" class=\"yoast-schema-graph\">{\"@context\":\"https:\\\/\\\/schema.org\",\"@graph\":[{\"@type\":\"WebPage\",\"@id\":\"https:\\\/\\\/www.deschacht.eu\\\/fr\\\/contact-engineering\\\/\",\"url\":\"https:\\\/\\\/www.deschacht.eu\\\/fr\\\/contact-engineering\\\/\",\"name\":\"Contact Engineering | Deschacht\",\"isPartOf\":{\"@id\":\"https:\\\/\\\/www.deschacht.eu\\\/#website\"},\"datePublished\":\"2023-02-16T08:43:10+00:00\",\"dateModified\":\"2025-01-27T13:32:12+00:00\",\"description\":\"Un conseil de notre service d\u2019\u00e9tude ou l\u2019optimisation de vos plans par notre d\u00e9partement d\u2019ing\u00e9nierie ? C\u2019est possible !\",\"breadcrumb\":{\"@id\":\"https:\\\/\\\/www.deschacht.eu\\\/fr\\\/contact-engineering\\\/#breadcrumb\"},\"inLanguage\":\"fr-BE\",\"potentialAction\":[{\"@type\":\"ReadAction\",\"target\":[\"https:\\\/\\\/www.deschacht.eu\\\/fr\\\/contact-engineering\\\/\"]}]},{\"@type\":\"BreadcrumbList\",\"@id\":\"https:\\\/\\\/www.deschacht.eu\\\/fr\\\/contact-engineering\\\/#breadcrumb\",\"itemListElement\":[{\"@type\":\"ListItem\",\"position\":1,\"name\":\"Home\",\"item\":\"https:\\\/\\\/www.deschacht.eu\\\/fr\\\/\"},{\"@type\":\"ListItem\",\"position\":2,\"name\":\"Contact Engineering\"}]},{\"@type\":\"WebSite\",\"@id\":\"https:\\\/\\\/www.deschacht.eu\\\/#website\",\"url\":\"https:\\\/\\\/www.deschacht.eu\\\/\",\"name\":\"Deschacht\",\"description\":\"\",\"publisher\":{\"@id\":\"https:\\\/\\\/www.deschacht.eu\\\/#organization\"},\"potentialAction\":[{\"@type\":\"SearchAction\",\"target\":{\"@type\":\"EntryPoint\",\"urlTemplate\":\"https:\\\/\\\/www.deschacht.eu\\\/?s={search_term_string}\"},\"query-input\":{\"@type\":\"PropertyValueSpecification\",\"valueRequired\":true,\"valueName\":\"search_term_string\"}}],\"inLanguage\":\"fr-BE\"},{\"@type\":\"Organization\",\"@id\":\"https:\\\/\\\/www.deschacht.eu\\\/#organization\",\"name\":\"Deschacht Bouwmaterialen\",\"url\":\"https:\\\/\\\/www.deschacht.eu\\\/\",\"logo\":{\"@type\":\"ImageObject\",\"inLanguage\":\"fr-BE\",\"@id\":\"https:\\\/\\\/www.deschacht.eu\\\/#\\\/schema\\\/logo\\\/image\\\/\",\"url\":\"https:\\\/\\\/www.deschacht.eu\\\/wp-content\\\/uploads\\\/2018\\\/02\\\/logo.png\",\"contentUrl\":\"https:\\\/\\\/www.deschacht.eu\\\/wp-content\\\/uploads\\\/2018\\\/02\\\/logo.png\",\"width\":213,\"height\":70,\"caption\":\"Deschacht Bouwmaterialen\"},\"image\":{\"@id\":\"https:\\\/\\\/www.deschacht.eu\\\/#\\\/schema\\\/logo\\\/image\\\/\"},\"sameAs\":[\"https:\\\/\\\/www.facebook.com\\\/DeschachtNV\",\"https:\\\/\\\/www.linkedin.com\\\/company\\\/deschacht?trk=company_logo\",\"https:\\\/\\\/www.youtube.com\\\/channel\\\/UCFOBZMamZdwH5-BtyaQIPoQ\",\"https:\\\/\\\/www.instagram.com\\\/deschacht.eu\"]}]}<\/script>\n<!-- \/ Yoast SEO plugin. -->","yoast_head_json":{"title":"Contact Engineering | Deschacht","description":"Un conseil de notre service d\u2019\u00e9tude ou l\u2019optimisation de vos plans par notre d\u00e9partement d\u2019ing\u00e9nierie ? C\u2019est possible !","robots":{"index":"index","follow":"follow","max-snippet":"max-snippet:-1","max-image-preview":"max-image-preview:large","max-video-preview":"max-video-preview:-1"},"canonical":"https:\/\/www.deschacht.eu\/fr\/contact-engineering\/","og_locale":"fr_FR","og_type":"article","og_title":"Contact Engineering | Deschacht","og_description":"Un conseil de notre service d\u2019\u00e9tude ou l\u2019optimisation de vos plans par notre d\u00e9partement d\u2019ing\u00e9nierie ? C\u2019est possible !","og_url":"https:\/\/www.deschacht.eu\/fr\/contact-engineering\/","og_site_name":"Deschacht","article_publisher":"https:\/\/www.facebook.com\/DeschachtNV","article_modified_time":"2025-01-27T13:32:12+00:00","twitter_card":"summary_large_image","twitter_misc":{"Dur\u00e9e de lecture est.":"1 minute"},"schema":{"@context":"https:\/\/schema.org","@graph":[{"@type":"WebPage","@id":"https:\/\/www.deschacht.eu\/fr\/contact-engineering\/","url":"https:\/\/www.deschacht.eu\/fr\/contact-engineering\/","name":"Contact Engineering | Deschacht","isPartOf":{"@id":"https:\/\/www.deschacht.eu\/#website"},"datePublished":"2023-02-16T08:43:10+00:00","dateModified":"2025-01-27T13:32:12+00:00","description":"Un conseil de notre service d\u2019\u00e9tude ou l\u2019optimisation de vos plans par notre d\u00e9partement d\u2019ing\u00e9nierie ? C\u2019est possible !","breadcrumb":{"@id":"https:\/\/www.deschacht.eu\/fr\/contact-engineering\/#breadcrumb"},"inLanguage":"fr-BE","potentialAction":[{"@type":"ReadAction","target":["https:\/\/www.deschacht.eu\/fr\/contact-engineering\/"]}]},{"@type":"BreadcrumbList","@id":"https:\/\/www.deschacht.eu\/fr\/contact-engineering\/#breadcrumb","itemListElement":[{"@type":"ListItem","position":1,"name":"Home","item":"https:\/\/www.deschacht.eu\/fr\/"},{"@type":"ListItem","position":2,"name":"Contact Engineering"}]},{"@type":"WebSite","@id":"https:\/\/www.deschacht.eu\/#website","url":"https:\/\/www.deschacht.eu\/","name":"Deschacht","description":"","publisher":{"@id":"https:\/\/www.deschacht.eu\/#organization"},"potentialAction":[{"@type":"SearchAction","target":{"@type":"EntryPoint","urlTemplate":"https:\/\/www.deschacht.eu\/?s={search_term_string}"},"query-input":{"@type":"PropertyValueSpecification","valueRequired":true,"valueName":"search_term_string"}}],"inLanguage":"fr-BE"},{"@type":"Organization","@id":"https:\/\/www.deschacht.eu\/#organization","name":"Deschacht Bouwmaterialen","url":"https:\/\/www.deschacht.eu\/","logo":{"@type":"ImageObject","inLanguage":"fr-BE","@id":"https:\/\/www.deschacht.eu\/#\/schema\/logo\/image\/","url":"https:\/\/www.deschacht.eu\/wp-content\/uploads\/2018\/02\/logo.png","contentUrl":"https:\/\/www.deschacht.eu\/wp-content\/uploads\/2018\/02\/logo.png","width":213,"height":70,"caption":"Deschacht Bouwmaterialen"},"image":{"@id":"https:\/\/www.deschacht.eu\/#\/schema\/logo\/image\/"},"sameAs":["https:\/\/www.facebook.com\/DeschachtNV","https:\/\/www.linkedin.com\/company\/deschacht?trk=company_logo","https:\/\/www.youtube.com\/channel\/UCFOBZMamZdwH5-BtyaQIPoQ","https:\/\/www.instagram.com\/deschacht.eu"]}]}},"_links":{"self":[{"href":"https:\/\/www.deschacht.eu\/fr\/wp-json\/wp\/v2\/pages\/31679","targetHints":{"allow":["GET"]}}],"collection":[{"href":"https:\/\/www.deschacht.eu\/fr\/wp-json\/wp\/v2\/pages"}],"about":[{"href":"https:\/\/www.deschacht.eu\/fr\/wp-json\/wp\/v2\/types\/page"}],"author":[{"embeddable":true,"href":"https:\/\/www.deschacht.eu\/fr\/wp-json\/wp\/v2\/users\/33"}],"replies":[{"embeddable":true,"href":"https:\/\/www.deschacht.eu\/fr\/wp-json\/wp\/v2\/comments?post=31679"}],"version-history":[{"count":9,"href":"https:\/\/www.deschacht.eu\/fr\/wp-json\/wp\/v2\/pages\/31679\/revisions"}],"predecessor-version":[{"id":45146,"href":"https:\/\/www.deschacht.eu\/fr\/wp-json\/wp\/v2\/pages\/31679\/revisions\/45146"}],"wp:attachment":[{"href":"https:\/\/www.deschacht.eu\/fr\/wp-json\/wp\/v2\/media?parent=31679"}],"curies":[{"name":"wp","href":"https:\/\/api.w.org\/{rel}","templated":true}]}}